{"id":229,"date":"2015-07-27T03:29:01","date_gmt":"2015-07-27T03:29:01","guid":{"rendered":"http:\/\/demo.oceanthemes.net\/archi\/?page_id=229"},"modified":"2025-04-25T12:12:27","modified_gmt":"2025-04-25T12:12:27","slug":"a-propos","status":"publish","type":"page","link":"https:\/\/pixelwave.ma\/index.php\/a-propos\/","title":{"rendered":"\u00c0 PROPOS"},"content":{"rendered":"<div class=\"wpb-content-wrapper\"><p>[vc_row fullwidth=&#8221;yes&#8221; css=&#8221;.vc_custom_1474447060420{background-position: 0 0 !important;background-repeat: no-repeat !important;}&#8221; el_class=&#8221;side-bg no-padding&#8221;][vc_column]\t<!-- Element: OT Quick Office -->\n\t<div class=\"side-bg\">\n\n\t\t<div class=\"image-container hidden-xs pull-left col-md-5\" style=\"background-image:url(https:\/\/pixelwave.ma\/wp-content\/uploads\/2025\/01\/jRyPGTM9QWgYW4MsZaw6CbU23ZVVWqtuyNCk6HjcXPVhjlRcUaAG-sEYWbdPESveYqKyIhvC0_fIwysHPALhCw2k.jpg); ?>\" data-delay=\"0\"><\/div>\n\n\t\t<!-- Added this code in 26\/03\/2019 -->\n\t\t<img decoding=\"async\" class=\"visible-xs img-responsive\" src=\"https:\/\/pixelwave.ma\/wp-content\/uploads\/2025\/01\/jRyPGTM9QWgYW4MsZaw6CbU23ZVVWqtuyNCk6HjcXPVhjlRcUaAG-sEYWbdPESveYqKyIhvC0_fIwysHPALhCw2k.jpg\" \/>\n\n        <div class=\"container\">\n            <div class=\"row\">\n                <div class=\"inner-padding\">\n                    <div class=\"col-md-6 col-md-offset-6 wow fadeInRight\" data-wow-delay=\".2s\">\n                        <h2>PIXELWAVE<\/h2><br\/>\n                        Bienvenue chez <strong>PIXELWAVE<\/strong>, votre partenaire privil\u00e9gi\u00e9 pour immortaliser et raconter vos moments les plus pr\u00e9cieux \u00e0 travers la photographie et la vid\u00e9ographie. Nous sommes experts dans l\u2019art de capturer des instants \u00e9ph\u00e9m\u00e8res et de les transformer en souvenirs durables.<\/p>\n<p>Chez <strong>PIXELWAVE<\/strong>, chaque image est une histoire \u00e0 part enti\u00e8re. Notre \u00e9quipe de photographes et vid\u00e9astes passionn\u00e9s s\u2019engage \u00e0 saisir l\u2019essence de chaque instant, qu\u2019il s\u2019agisse d\u2019\u00e9v\u00e9nements sp\u00e9ciaux, de portraits ou de projets professionnels.<\/p>\n<p>Gr\u00e2ce \u00e0 notre exp\u00e9rience diversifi\u00e9e et \u00e0 notre cr\u00e9ativit\u00e9 sans limites, nous nous effor\u00e7ons toujours de d\u00e9passer vos attentes en transformant vos id\u00e9es en \u0153uvres visuelles uniques. Chaque projet repr\u00e9sente pour nous une nouvelle opportunit\u00e9 de cr\u00e9er quelque chose de beau et d\u2019inoubliable.<\/p>\n<p>Parcourez notre portfolio pour d\u00e9couvrir nos r\u00e9alisations, et laissez-nous vous accompagner dans votre aventure visuelle. Chez <strong>PIXELWAVE<\/strong>, nous mettons notre passion pour l\u2019image au service de votre histoire.<\/p>\n<p>Contactez-nous d\u00e8s aujourd\u2019hui pour discuter de la fa\u00e7on dont nous pouvons immortaliser vos moments sp\u00e9ciaux et cr\u00e9er des souvenirs qui perdureront.                    <\/div>\n                    <div class=\"clearfix\"><\/div>\n                <\/div>\n            <\/div>\n        <\/div>\n\t<\/div>\n\n[\/vc_column][\/vc_row][vc_row css=&#8221;.vc_custom_1440408697407{padding-top: 90px !important;padding-bottom: 90px !important;background-color: #111111 !important;}&#8221;][vc_column animate=&#8221;fadeinup&#8221; el_class=&#8221;container-4&#8243;]\n\t<!-- Element: OT Our Team --> \t \n    <!-- team member -->\n    <div class=\"de-team-list team-box wow fadeInUp\">\n    \t\t        <div class=\"team-pic\">\n\t        \t<img loading=\"lazy\" decoding=\"async\" width=\"790\" height=\"795\" src=\"https:\/\/pixelwave.ma\/wp-content\/uploads\/2025\/04\/21.png\" class=\"img-responsive\" alt=\"\" srcset=\"https:\/\/pixelwave.ma\/wp-content\/uploads\/2025\/04\/21.png 790w, https:\/\/pixelwave.ma\/wp-content\/uploads\/2025\/04\/21-298x300.png 298w, https:\/\/pixelwave.ma\/wp-content\/uploads\/2025\/04\/21-150x150.png 150w, https:\/\/pixelwave.ma\/wp-content\/uploads\/2025\/04\/21-768x773.png 768w\" sizes=\"auto, (max-width: 790px) 100vw, 790px\" title=\"2[1]\" \/>          \n\t        <\/div>\n                <div class=\"team-desc\">\n            <h3>Youssef Ezguiri<\/h3>\n            <p class=\"lead\">Photographer<\/p>            <div class=\"small-border\"><\/div>\n            <p>A<\/p>            <div class=\"social\">\n                <a href=\"#\" target=\"_blank\"><i class=\"fa fa-facebook fa-lg\"><\/i><\/a>                <a href=\"#\" target=\"_blank\"><i class=\"fa fa-twitter fa-lg\"><\/i><\/a>                <a href=\"#\" target=\"_blank\"><i class=\"fa fa-skype fa-lg\"><\/i><\/a>                            <\/div>\n        <\/div>\n    <\/div>\n    <!-- team close -->\n\n\n\t<!-- Element: OT Our Team --> \t \n    <!-- team member -->\n    <div class=\"de-team-list team-box wow fadeInUp\">\n    \t\t        <div class=\"team-pic\">\n\t        \t<img loading=\"lazy\" decoding=\"async\" width=\"790\" height=\"795\" src=\"https:\/\/pixelwave.ma\/wp-content\/uploads\/2025\/04\/Capture-decran-2025-04-25-130159-modified.png\" class=\"img-responsive\" alt=\"\" srcset=\"https:\/\/pixelwave.ma\/wp-content\/uploads\/2025\/04\/Capture-decran-2025-04-25-130159-modified.png 790w, https:\/\/pixelwave.ma\/wp-content\/uploads\/2025\/04\/Capture-decran-2025-04-25-130159-modified-298x300.png 298w, https:\/\/pixelwave.ma\/wp-content\/uploads\/2025\/04\/Capture-decran-2025-04-25-130159-modified-150x150.png 150w, https:\/\/pixelwave.ma\/wp-content\/uploads\/2025\/04\/Capture-decran-2025-04-25-130159-modified-768x773.png 768w\" sizes=\"auto, (max-width: 790px) 100vw, 790px\" title=\"Capture d\u2019\u00e9cran 2025-04-25 130159-modified\" \/>          \n\t        <\/div>\n                <div class=\"team-desc\">\n            <h3>Hamza Amzil<\/h3>\n            <p class=\"lead\">Photographer<\/p>            <div class=\"small-border\"><\/div>\n            <p>A<\/p>            <div class=\"social\">\n                <a href=\"#\" target=\"_blank\"><i class=\"fa fa-google-plus fa-lg\"><\/i><\/a>                <a href=\"#\" target=\"_blank\"><i class=\"fa fa-facebook fa-lg\"><\/i><\/a>                <a href=\"#\" target=\"_blank\"><i class=\"fa fa-skype fa-lg\"><\/i><\/a>                            <\/div>\n        <\/div>\n    <\/div>\n    <!-- team close -->\n\n\n\t<!-- Element: OT Our Team --> \t \n    <!-- team member -->\n    <div class=\"de-team-list team-box wow fadeInUp\">\n    \t\t        <div class=\"team-pic\">\n\t        \t<img loading=\"lazy\" decoding=\"async\" width=\"790\" height=\"795\" src=\"https:\/\/pixelwave.ma\/wp-content\/uploads\/2025\/04\/31.png\" class=\"img-responsive\" alt=\"\" srcset=\"https:\/\/pixelwave.ma\/wp-content\/uploads\/2025\/04\/31.png 790w, https:\/\/pixelwave.ma\/wp-content\/uploads\/2025\/04\/31-298x300.png 298w, https:\/\/pixelwave.ma\/wp-content\/uploads\/2025\/04\/31-150x150.png 150w, https:\/\/pixelwave.ma\/wp-content\/uploads\/2025\/04\/31-768x773.png 768w\" sizes=\"auto, (max-width: 790px) 100vw, 790px\" title=\"3[1]\" \/>          \n\t        <\/div>\n                <div class=\"team-desc\">\n            <h3>Zakaria Baraghi<\/h3>\n            <p class=\"lead\">Photographer<\/p>            <div class=\"small-border\"><\/div>\n            <p>A<\/p>            <div class=\"social\">\n                <a href=\"#\" target=\"_blank\"><i class=\"fa fa-facebook fa-lg\"><\/i><\/a>                <a href=\"#\" target=\"_blank\"><i class=\"fa fa-twitter fa-lg\"><\/i><\/a>                <a href=\"#\" target=\"_blank\"><i class=\"fa fa-skype fa-lg\"><\/i><\/a>                            <\/div>\n        <\/div>\n    <\/div>\n    <!-- team close -->\n\n\n\t<!-- Element: OT Our Team --> \t \n    <!-- team member -->\n    <div class=\"de-team-list team-box wow fadeInUp\">\n    \t\t        <div class=\"team-pic\">\n\t        \t<img loading=\"lazy\" decoding=\"async\" width=\"790\" height=\"795\" src=\"https:\/\/pixelwave.ma\/wp-content\/uploads\/2025\/04\/41-1.png\" class=\"img-responsive\" alt=\"\" srcset=\"https:\/\/pixelwave.ma\/wp-content\/uploads\/2025\/04\/41-1.png 790w, https:\/\/pixelwave.ma\/wp-content\/uploads\/2025\/04\/41-1-298x300.png 298w, https:\/\/pixelwave.ma\/wp-content\/uploads\/2025\/04\/41-1-150x150.png 150w, https:\/\/pixelwave.ma\/wp-content\/uploads\/2025\/04\/41-1-768x773.png 768w\" sizes=\"auto, (max-width: 790px) 100vw, 790px\" title=\"4[1]\" \/>          \n\t        <\/div>\n                <div class=\"team-desc\">\n            <h3>Ayoub Moustakfi<\/h3>\n            <p class=\"lead\">Photographer<\/p>            <div class=\"small-border\"><\/div>\n            <p>A<\/p>            <div class=\"social\">\n                <a href=\"#\" target=\"_blank\"><i class=\"fa fa-facebook fa-lg\"><\/i><\/a>                <a href=\"#\" target=\"_blank\"><i class=\"fa fa-twitter fa-lg\"><\/i><\/a>                <a href=\"#\" target=\"_blank\"><i class=\"fa fa-skype fa-lg\"><\/i><\/a>                            <\/div>\n        <\/div>\n    <\/div>\n    <!-- team close -->\n\n[\/vc_column][\/vc_row][vc_row css=&#8221;.vc_custom_1495706002495{padding-top: 90px !important;padding-bottom: 90px !important;background-image: url(http:\/\/demo.archiwp.com\/wp-content\/uploads\/2015\/07\/bg-3.jpg?id=185) !important;background-position: center !important;background-repeat: no-repeat !important;background-size: cover !important;}&#8221; el_class=&#8221;bg-fixed&#8221;][vc_column animate=&#8221;fadeinup&#8221;]\n\t<!-- Element: OT Heading --> \t \n\t<h1 class=\"ot_custom_heading  \" style=\"text-align: center;color: #ffffff;\" >les clients disent<\/h1>\t\n\t<!-- Element: OT Line solid --> \t \n\t<div class=\" separator \"><span><i class=\"fa fa-circle\"><\/i><\/span><\/div>\n\t<div class=\"spacer-single\"><\/div>\t      \n[\/vc_column][vc_column]\t<!-- Element: OT Testimonial Silder -->\t\n\t<div class=\"testimonial__carousel de_carousel wow fadeInUp\" data-wow-delay=\".3s\" data-visible=\"2\" data-autoplay=\"false\" data-autoheight=\"false\" data-speed=\"200\" data-navspeed=\"800\" data-rewinspeed=\"1000\">\n\t        <div class=\"col-md-12 item\">\n            <div class=\"de_testi\">\n                <blockquote>\n                    <p>Nous avons eu l\u2019opportunit\u00e9 de collaborer avec PIXELWAVE lors de notre mariage, et nous n\u2019aurions pas pu r\u00eaver mieux ! Leur \u00e9quipe a su capturer chaque moment avec une pr\u00e9cision et une cr\u00e9ativit\u00e9 incroyables. Les photos et vid\u00e9os refl\u00e8tent parfaitement l\u2019\u00e9motion et la magie de cette journ\u00e9e. Merci \u00e0 PIXELWAVE pour ces souvenirs inoubliables ! Nous les recommandons sans h\u00e9siter.<\/p>\n                    <div class=\"de_testi_by no-margin\">\n\n                    \t\n\t\t\t\t\t\t<div >\n                        \tJames, Customer                        <\/div>\n\n                    <\/div>\n                <\/blockquote>\n            <\/div>\n        <\/div>\n                <div class=\"col-md-12 item\">\n            <div class=\"de_testi\">\n                <blockquote>\n                    <p>PIXELWAVE a \u00e9t\u00e9 un choix parfait pour notre \u00e9v\u00e9nement d\u2019entreprise. Leur \u00e9quipe s\u2019est montr\u00e9e attentive \u00e0 nos besoins et a fait preuve d\u2019un grand professionnalisme. Les vid\u00e9os sont d\u2019une qualit\u00e9 exceptionnelle, et chaque image raconte une histoire. Gr\u00e2ce \u00e0 eux, nous avons pu immortaliser cet \u00e9v\u00e9nement de mani\u00e8re unique. Un grand merci pour leur travail remarquable !<\/p>\n                    <div class=\"de_testi_by no-margin\">\n\n                    \t\n\t\t\t\t\t\t<div >\n                        \tPatrick, Customer                        <\/div>\n\n                    <\/div>\n                <\/blockquote>\n            <\/div>\n        <\/div>\n            <\/div>\n\n[\/vc_column][\/vc_row][vc_row fullwidth=&#8221;yes&#8221; css=&#8221;.vc_custom_1442204650520{padding-top: 60px !important;padding-bottom: 60px !important;}&#8221; el_class=&#8221;call-to-action bg-color text-center&#8221;][vc_column]\t\t\t\n\t<!-- Element: OT Button --> \n\t\t\t<a href=\"https:\/\/pixelwave.ma\/index.php\/contactez-nous\/\" target=\"_self\" class=\"btn btn-line-black btn-big  \">DEMANDER UN DEVIS<\/a>\n\t    \n[\/vc_column][\/vc_row]<\/p>\n<\/div>","protected":false},"excerpt":{"rendered":"<p>[vc_row fullwidth=&#8221;yes&#8221; css=&#8221;.vc_custom_1474447060420{background-position: 0 0 !important;background-repeat: no-repeat !important;}&#8221; el_class=&#8221;side-bg no-padding&#8221;][vc_column][\/vc_column][\/vc_row][vc_row css=&#8221;.vc_custom_1440408697407{padding-top: 90px !important;padding-bottom: 90px !important;background-color: #111111 !important;}&#8221;][vc_column animate=&#8221;fadeinup&#8221; el_class=&#8221;container-4&#8243;][\/vc_column][\/vc_row][vc_row css=&#8221;.vc_custom_1495706002495{padding-top: 90px !important;padding-bottom: 90px !important;background-image: url(http:\/\/demo.archiwp.com\/wp-content\/uploads\/2015\/07\/bg-3.jpg?id=185) !important;background-position: center !important;background-repeat: no-repeat !important;background-size: cover !important;}&#8221; el_class=&#8221;bg-fixed&#8221;][vc_column animate=&#8221;fadeinup&#8221;][\/vc_column][vc_column][\/vc_column][\/vc_row][vc_row fullwidth=&#8221;yes&#8221; css=&#8221;.vc_custom_1442204650520{padding-top: 60px !important;padding-bottom: 60px !important;}&#8221; el_class=&#8221;call-to-action bg-color text-center&#8221;][vc_column][\/vc_column][\/vc_row]<\/p>\n","protected":false},"author":1,"featured_media":0,"parent":0,"menu_order":0,"comment_status":"open","ping_status":"open","template":"page-templates\/template-fullwidth.php","meta":{"footnotes":""},"class_list":["post-229","page","type-page","status-publish","hentry"],"_links":{"self":[{"href":"https:\/\/pixelwave.ma\/index.php\/wp-json\/wp\/v2\/pages\/229","targetHints":{"allow":["GET"]}}],"collection":[{"href":"https:\/\/pixelwave.ma\/index.php\/wp-json\/wp\/v2\/pages"}],"about":[{"href":"https:\/\/pixelwave.ma\/index.php\/wp-json\/wp\/v2\/types\/page"}],"author":[{"embeddable":true,"href":"https:\/\/pixelwave.ma\/index.php\/wp-json\/wp\/v2\/users\/1"}],"replies":[{"embeddable":true,"href":"https:\/\/pixelwave.ma\/index.php\/wp-json\/wp\/v2\/comments?post=229"}],"version-history":[{"count":7,"href":"https:\/\/pixelwave.ma\/index.php\/wp-json\/wp\/v2\/pages\/229\/revisions"}],"predecessor-version":[{"id":1940,"href":"https:\/\/pixelwave.ma\/index.php\/wp-json\/wp\/v2\/pages\/229\/revisions\/1940"}],"wp:attachment":[{"href":"https:\/\/pixelwave.ma\/index.php\/wp-json\/wp\/v2\/media?parent=229"}],"curies":[{"name":"wp","href":"https:\/\/api.w.org\/{rel}","templated":true}]}}