{"id":915,"date":"2016-01-28T09:47:30","date_gmt":"2016-01-28T09:47:30","guid":{"rendered":"http:\/\/demo.oceanthemes.net\/archi\/?page_id=915"},"modified":"2025-01-24T17:12:05","modified_gmt":"2025-01-24T17:12:05","slug":"nos-services","status":"publish","type":"page","link":"https:\/\/pixelwave.ma\/index.php\/nos-services\/","title":{"rendered":"Nos Services"},"content":{"rendered":"<div class=\"wpb-content-wrapper\"><p>[vc_row css=&#8221;.vc_custom_1453975727142{padding-top: 90px !important;padding-bottom: 30px !important;}&#8221;][vc_column]<!-- Element: OT Services Grid -->\n<div class=\"services-masonry service-grid row\">\n\t<div class=\"col-md-3 item-service-grid-sizer\"><\/div>\n\t\n\t<div class=\"col-md-3 item\">\n\t\t\n\t\t\t\t\t\n\t\t\t<h3><a href=\"https:\/\/pixelwave.ma\/index.php\/service\/gestion-des-reseaux-sociaux\/\">Gestion des R\u00e9seaux Sociaux<\/a><\/h3>\n\t\t\t<div class=\"service-excerpt\"><p>[vc_row fullwidth=&#8221;yes&#8221; css=&#8221;.vc_custom_1439546022789{padding-top: 0px !important;padding-bottom: 0px !important;}&#8221;][vc_column][vc_column_text css=&#8221;&#8221;] D\u00e9veloppez votre pr\u00e9sence en ligne avec une strat\u00e9gie sur-mesure. Nous vous accompagnons dans la gestion compl\u00e8te de vos r\u00e9seaux sociaux, de la cr\u00e9ation de contenu \u00e0 la publication, en passant par la mod\u00e9ration et l\u2019analyse de la performance. Nos prestations incluent : Audit de vos r\u00e9seaux et [&hellip;]<\/p>\n<\/div>\n\t\t\t\t\t\t\t\t\t\t<div class=\"spacer-single\"><\/div>\t\t\t\n\t\t\t\t<a href=\"https:\/\/pixelwave.ma\/index.php\/service\/gestion-des-reseaux-sociaux\/\" class=\"btn-line btn-fullwidth\">EN SAVOIR PLUS<\/a>\t\t\n\t\t\t\n\t\t\n\t<\/div>\n\n\t\n\t<div class=\"col-md-3 item\">\n\t\t\n\t\t\t\t\t\n\t\t\t<h3><a href=\"https:\/\/pixelwave.ma\/index.php\/service\/production-de-podcasts-et-contenus-audio\/\">Production de Podcasts et Contenus Audio<\/a><\/h3>\n\t\t\t<div class=\"service-excerpt\"><p>[vc_row fullwidth=&#8221;yes&#8221; css=&#8221;.vc_custom_1439546022789{padding-top: 0px !important;padding-bottom: 0px !important;}&#8221;][vc_column][vc_column_text css=&#8221;&#8221;]Nous aidons \u00e0 la cr\u00e9ation de podcasts, en assurant la gestion du processus de production : enregistrement, montage, et diffusion. Que ce soit pour des podcasts d\u2019entreprise, des interviews ou des s\u00e9ries narratives, nous mettons \u00e0 votre disposition nos \u00e9quipements et notre expertise technique pour offrir un produit [&hellip;]<\/p>\n<\/div>\n\t\t\t\t\t\t\t\t\t\t<div class=\"spacer-single\"><\/div>\t\t\t\n\t\t\t\t<a href=\"https:\/\/pixelwave.ma\/index.php\/service\/production-de-podcasts-et-contenus-audio\/\" class=\"btn-line btn-fullwidth\">EN SAVOIR PLUS<\/a>\t\t\n\t\t\t\n\t\t\n\t<\/div>\n\n\t\n\t<div class=\"col-md-3 item\">\n\t\t\n\t\t\t\t\t\n\t\t\t<h3><a href=\"https:\/\/pixelwave.ma\/index.php\/service\/services-de-montage-et-post-production\/\">Services de Montage et Post-Production<\/a><\/h3>\n\t\t\t<div class=\"service-excerpt\"><p>[vc_row fullwidth=&#8221;yes&#8221; css=&#8221;.vc_custom_1439546022789{padding-top: 0px !important;padding-bottom: 0px !important;}&#8221;][vc_column][vc_column_text css=&#8221;&#8221;]Nous proposons un service de montage vid\u00e9o et de post-production pour sublimer vos contenus. Que ce soit pour des films, clips, ou vid\u00e9os institutionnelles, nous r\u00e9alisons des montages cr\u00e9atifs, des effets visuels, l\u2019\u00e9talonnage des couleurs et l\u2019int\u00e9gration de la musique afin d\u2019obtenir un r\u00e9sultat final \u00e0 la hauteur [&hellip;]<\/p>\n<\/div>\n\t\t\t\t\t\t\t\t\t\t<div class=\"spacer-single\"><\/div>\t\t\t\n\t\t\t\t<a href=\"https:\/\/pixelwave.ma\/index.php\/service\/services-de-montage-et-post-production\/\" class=\"btn-line btn-fullwidth\">EN SAVOIR PLUS<\/a>\t\t\n\t\t\t\n\t\t\n\t<\/div>\n\n\t\n\t<div class=\"col-md-3 item\">\n\t\t\n\t\t\t\t\t\n\t\t\t<h3><a href=\"https:\/\/pixelwave.ma\/index.php\/service\/drone-captation-aerienne\/\">Drone (Captation A\u00e9rienne)<\/a><\/h3>\n\t\t\t<div class=\"service-excerpt\"><p>[vc_row fullwidth=&#8221;yes&#8221; css=&#8221;.vc_custom_1439546022789{padding-top: 0px !important;padding-bottom: 0px !important;}&#8221;][vc_column][vc_column_text css=&#8221;&#8221;]Gr\u00e2ce \u00e0 notre technologie de pointe en drone, nous offrons des prises de vue a\u00e9riennes spectaculaires pour tous types de projets : films, \u00e9v\u00e9nements en plein air, inspections de sites, etc. Nous garantissons des images stables et impressionnantes, qui apportent une dimension suppl\u00e9mentaire \u00e0 vos productions visuelles.[\/vc_column_text][\/vc_column][\/vc_row]<\/p>\n<\/div>\n\t\t\t\t\t\t\t\t\t\t<div class=\"spacer-single\"><\/div>\t\t\t\n\t\t\t\t<a href=\"https:\/\/pixelwave.ma\/index.php\/service\/drone-captation-aerienne\/\" class=\"btn-line btn-fullwidth\">EN SAVOIR PLUS<\/a>\t\t\n\t\t\t\n\t\t\n\t<\/div>\n\n\t\n\t<div class=\"col-md-3 item\">\n\t\t\n\t\t\t\t\t\n\t\t\t<h3><a href=\"https:\/\/pixelwave.ma\/index.php\/service\/photographie-professionnelle\/\">Photographie Professionnelle<\/a><\/h3>\n\t\t\t<div class=\"service-excerpt\"><p>[vc_row fullwidth=&#8221;yes&#8221; css=&#8221;.vc_custom_1439546022789{padding-top: 0px !important;padding-bottom: 0px !important;}&#8221;][vc_column][vc_column_text css=&#8221;&#8221;]Nos photographes sp\u00e9cialis\u00e9s capturent des images de qualit\u00e9 sup\u00e9rieure pour divers types de projets : portraits, \u00e9v\u00e9nements, mode, produits, ou architecture. Nous nous adaptons \u00e0 vos besoins pour cr\u00e9er des visuels captivants qui racontent une histoire et v\u00e9hiculent votre message avec \u00e9motion.[\/vc_column_text][\/vc_column][\/vc_row]<\/p>\n<\/div>\n\t\t\t\t\t\t\t\t\t\t<div class=\"spacer-single\"><\/div>\t\t\t\n\t\t\t\t<a href=\"https:\/\/pixelwave.ma\/index.php\/service\/photographie-professionnelle\/\" class=\"btn-line btn-fullwidth\">EN SAVOIR PLUS<\/a>\t\t\n\t\t\t\n\t\t\n\t<\/div>\n\n\t\n\t<div class=\"col-md-3 item\">\n\t\t\n\t\t\t\t\t\n\t\t\t<h3><a href=\"https:\/\/pixelwave.ma\/index.php\/service\/production-video\/\">Production Vid\u00e9o<\/a><\/h3>\n\t\t\t<div class=\"service-excerpt\"><p>[vc_row fullwidth=&#8221;yes&#8221; css=&#8221;.vc_custom_1439546022789{padding-top: 0px !important;padding-bottom: 0px !important;}&#8221;][vc_column][vc_column_text css=&#8221;&#8221;]Notre \u00e9quipe de professionnels capture, monte et produit des vid\u00e9os de haute qualit\u00e9 pour tous types de projets : publicit\u00e9s, vid\u00e9os institutionnelles, films promotionnels, et plus encore. Nous apportons une touche cr\u00e9ative et technique pour rendre vos vid\u00e9os uniques et percutantes, tout en respectant vos objectifs marketing.[\/vc_column_text][\/vc_column][\/vc_row]<\/p>\n<\/div>\n\t\t\t\t\t\t\t\t\t\t<div class=\"spacer-single\"><\/div>\t\t\t\n\t\t\t\t<a href=\"https:\/\/pixelwave.ma\/index.php\/service\/production-video\/\" class=\"btn-line btn-fullwidth\">EN SAVOIR PLUS<\/a>\t\t\n\t\t\t\n\t\t\n\t<\/div>\n\n\t\n\t<div class=\"col-md-3 item\">\n\t\t\n\t\t\t\t\t\n\t\t\t<h3><a href=\"https:\/\/pixelwave.ma\/index.php\/service\/communication-visuelle\/\">Communication Visuelle<\/a><\/h3>\n\t\t\t<div class=\"service-excerpt\"><p>[vc_row fullwidth=&#8221;yes&#8221; css=&#8221;.vc_custom_1439546022789{padding-top: 0px !important;padding-bottom: 0px !important;}&#8221;][vc_column][vc_column_text css=&#8221;&#8221;]Nous cr\u00e9ons des campagnes de communication visuelle adapt\u00e9es \u00e0 vos objectifs. Cela inclut la conception de supports de communication (affiches, flyers, brochures) ainsi que des \u00e9l\u00e9ments graphiques pour les r\u00e9seaux sociaux et autres plateformes. Nous mettons en avant votre image de mani\u00e8re coh\u00e9rente et impactante.[\/vc_column_text][\/vc_column][\/vc_row]<\/p>\n<\/div>\n\t\t\t\t\t\t\t\t\t\t<div class=\"spacer-single\"><\/div>\t\t\t\n\t\t\t\t<a href=\"https:\/\/pixelwave.ma\/index.php\/service\/communication-visuelle\/\" class=\"btn-line btn-fullwidth\">EN SAVOIR PLUS<\/a>\t\t\n\t\t\t\n\t\t\n\t<\/div>\n\n\t\n\t<div class=\"col-md-3 item\">\n\t\t\n\t\t\t\t\t\n\t\t\t<h3><a href=\"https:\/\/pixelwave.ma\/index.php\/service\/evenementiel\/\">\u00c9v\u00e9nementiel<\/a><\/h3>\n\t\t\t<div class=\"service-excerpt\"><p>[vc_row fullwidth=&#8221;yes&#8221; css=&#8221;.vc_custom_1439546022789{padding-top: 0px !important;padding-bottom: 0px !important;}&#8221;][vc_column][vc_column_text css=&#8221;&#8221;]Nous organisons et produisons des \u00e9v\u00e9nements sur mesure, qu\u2019il s\u2019agisse de conf\u00e9rences, de s\u00e9minaires, de lancements de produits ou de soir\u00e9es priv\u00e9es. De la conception \u00e0 la gestion logistique, nous assurons un service cl\u00e9 en main pour faire de votre \u00e9v\u00e9nement un moment inoubliable, tout en tenant compte [&hellip;]<\/p>\n<\/div>\n\t\t\t\t\t\t\t\t\t\t<div class=\"spacer-single\"><\/div>\t\t\t\n\t\t\t\t<a href=\"https:\/\/pixelwave.ma\/index.php\/service\/evenementiel\/\" class=\"btn-line btn-fullwidth\">EN SAVOIR PLUS<\/a>\t\t\n\t\t\t\n\t\t\n\t<\/div>\n\n\t\t\n<\/div>\t\n\n[\/vc_column][\/vc_row][vc_row el_class=&#8221;call-to-action bg-color dark text-center&#8221; css=&#8221;.vc_custom_1453975681358{padding-top: 60px !important;padding-bottom: 60px !important;}&#8221;][vc_column]\t\t\t\n\t<!-- Element: OT Button --> \n\t\t\t<a href=\"https:\/\/pixelwave.ma\/index.php\/contactez-nous\/\" target=\"_self\" class=\"btn btn-line-black btn-big  \">Demander un devis<\/a>\n\t    \n[\/vc_column][\/vc_row]<\/p>\n<\/div>","protected":false},"excerpt":{"rendered":"<p>[vc_row css=&#8221;.vc_custom_1453975727142{padding-top: 90px !important;padding-bottom: 30px !important;}&#8221;][vc_column][\/vc_column][\/vc_row][vc_row el_class=&#8221;call-to-action bg-color dark text-center&#8221; css=&#8221;.vc_custom_1453975681358{padding-top: 60px !important;padding-bottom: 60px !important;}&#8221;][vc_column][\/vc_column][\/vc_row]<\/p>\n","protected":false},"author":1,"featured_media":0,"parent":0,"menu_order":0,"comment_status":"closed","ping_status":"closed","template":"page-templates\/template-fullwidth.php","meta":{"footnotes":""},"class_list":["post-915","page","type-page","status-publish","hentry"],"_links":{"self":[{"href":"https:\/\/pixelwave.ma\/index.php\/wp-json\/wp\/v2\/pages\/915","targetHints":{"allow":["GET"]}}],"collection":[{"href":"https:\/\/pixelwave.ma\/index.php\/wp-json\/wp\/v2\/pages"}],"about":[{"href":"https:\/\/pixelwave.ma\/index.php\/wp-json\/wp\/v2\/types\/page"}],"author":[{"embeddable":true,"href":"https:\/\/pixelwave.ma\/index.php\/wp-json\/wp\/v2\/users\/1"}],"replies":[{"embeddable":true,"href":"https:\/\/pixelwave.ma\/index.php\/wp-json\/wp\/v2\/comments?post=915"}],"version-history":[{"count":6,"href":"https:\/\/pixelwave.ma\/index.php\/wp-json\/wp\/v2\/pages\/915\/revisions"}],"predecessor-version":[{"id":1962,"href":"https:\/\/pixelwave.ma\/index.php\/wp-json\/wp\/v2\/pages\/915\/revisions\/1962"}],"wp:attachment":[{"href":"https:\/\/pixelwave.ma\/index.php\/wp-json\/wp\/v2\/media?parent=915"}],"curies":[{"name":"wp","href":"https:\/\/api.w.org\/{rel}","templated":true}]}}